{"id":14402,"date":"2024-04-08T18:10:46","date_gmt":"2024-04-08T21:10:46","guid":{"rendered":"https:\/\/sindhosfran.org.br\/?page_id=14402"},"modified":"2024-04-08T18:11:07","modified_gmt":"2024-04-08T21:11:07","slug":"historia","status":"publish","type":"page","link":"https:\/\/sindhosfran.org.br\/index.php\/historia\/","title":{"rendered":"historia"},"content":{"rendered":"\t\t<div data-elementor-type=\"wp-page\" data-elementor-id=\"14402\" class=\"elementor elementor-14402\" data-elementor-post-type=\"page\">\n\t\t\t\t<div class=\"elementor-element elementor-element-0bad5d0 e-flex e-con-boxed e-con e-parent\" data-id=\"0bad5d0\" data-element_type=\"container\" data-settings=\"{&quot;content_width&quot;:&quot;boxed&quot;}\" data-core-v316-plus=\"true\">\n\t\t\t\t\t<div class=\"e-con-inner\">\n\t\t\t\t<div class=\"elementor-element elementor-element-0afd84e elementor-widget elementor-widget-text-editor\" data-id=\"0afd84e\" data-element_type=\"widget\" data-widget_type=\"text-editor.default\">\n\t\t\t\t<div class=\"elementor-widget-container\">\n\t\t\t<style>\/*! elementor - v3.19.0 - 29-01-2024 *\/\n.elementor-widget-text-editor.elementor-drop-cap-view-stacked .elementor-drop-cap{background-color:#69727d;color:#fff}.elementor-widget-text-editor.elementor-drop-cap-view-framed .elementor-drop-cap{color:#69727d;border:3px solid;background-color:transparent}.elementor-widget-text-editor:not(.elementor-drop-cap-view-default) .elementor-drop-cap{margin-top:8px}.elementor-widget-text-editor:not(.elementor-drop-cap-view-default) .elementor-drop-cap-letter{width:1em;height:1em}.elementor-widget-text-editor .elementor-drop-cap{float:left;text-align:center;line-height:1;font-size:50px}.elementor-widget-text-editor .elementor-drop-cap-letter{display:inline-block}<\/style>\t\t\t\t<p>Constitu\u00eddo em 1998 o SINDHOSFRAN teve como principal objetivo fortificar o campo econ\u00f4mico atendendo os interesses econ\u00f4micos da classe empresarial de forma coletiva de forma legal na regi\u00e3o de Juazeiro, Remanso, Casa Nova, Sento S\u00e9, Campo Alegre de Lourdes, Senhor do Bomfim, Jacobina, Campo Formoso e Uau\u00e1 onde possuem realidade e perspectiva diferente.<\/p>\t\t\t\t\t\t<\/div>\n\t\t\t\t<\/div>\n\t\t\t\t\t<\/div>\n\t\t\t\t<\/div>\n\t\t\t\t<\/div>\n\t\t","protected":false},"excerpt":{"rendered":"<p>Constitu\u00eddo em 1998 o SINDHOSFRAN teve como principal objetivo fortificar o campo econ\u00f4mico atendendo os interesses econ\u00f4micos da classe empresarial de forma coletiva de forma legal na regi\u00e3o de Juazeiro, Remanso, Casa Nova, Sento S\u00e9, Campo Alegre de Lourdes, Senhor do Bomfim, Jacobina, Campo Formoso e Uau\u00e1 onde possuem realidade e perspectiva diferente.<\/p>\n","protected":false},"author":1,"featured_media":0,"parent":0,"menu_order":0,"comment_status":"closed","ping_status":"closed","template":"","meta":{"footnotes":""},"class_list":["post-14402","page","type-page","status-publish","hentry"],"_links":{"self":[{"href":"https:\/\/sindhosfran.org.br\/index.php\/wp-json\/wp\/v2\/pages\/14402"}],"collection":[{"href":"https:\/\/sindhosfran.org.br\/index.php\/wp-json\/wp\/v2\/pages"}],"about":[{"href":"https:\/\/sindhosfran.org.br\/index.php\/wp-json\/wp\/v2\/types\/page"}],"author":[{"embeddable":true,"href":"https:\/\/sindhosfran.org.br\/index.php\/wp-json\/wp\/v2\/users\/1"}],"replies":[{"embeddable":true,"href":"https:\/\/sindhosfran.org.br\/index.php\/wp-json\/wp\/v2\/comments?post=14402"}],"version-history":[{"count":4,"href":"https:\/\/sindhosfran.org.br\/index.php\/wp-json\/wp\/v2\/pages\/14402\/revisions"}],"predecessor-version":[{"id":14406,"href":"https:\/\/sindhosfran.org.br\/index.php\/wp-json\/wp\/v2\/pages\/14402\/revisions\/14406"}],"wp:attachment":[{"href":"https:\/\/sindhosfran.org.br\/index.php\/wp-json\/wp\/v2\/media?parent=14402"}],"curies":[{"name":"wp","href":"https:\/\/api.w.org\/{rel}","templated":true}]}}