{"id":14419,"date":"2024-04-08T18:24:25","date_gmt":"2024-04-08T21:24:25","guid":{"rendered":"https:\/\/sindhosfran.org.br\/?page_id=14419"},"modified":"2026-03-02T11:41:56","modified_gmt":"2026-03-02T14:41:56","slug":"convencoes","status":"publish","type":"page","link":"https:\/\/sindhosfran.org.br\/index.php\/convencoes\/","title":{"rendered":"Conven\u00e7\u00f5es Coletivas"},"content":{"rendered":"\t\t<div data-elementor-type=\"wp-page\" data-elementor-id=\"14419\" class=\"elementor elementor-14419\" data-elementor-post-type=\"page\">\n\t\t\t\t<div class=\"elementor-element elementor-element-0bad5d0 e-flex e-con-boxed e-con e-parent\" data-id=\"0bad5d0\" data-element_type=\"container\" data-settings=\"{&quot;content_width&quot;:&quot;boxed&quot;}\" data-core-v316-plus=\"true\">\n\t\t\t\t\t<div class=\"e-con-inner\">\n\t\t\t\t<div class=\"elementor-element elementor-element-0afd84e elementor-widget elementor-widget-text-editor\" data-id=\"0afd84e\" data-element_type=\"widget\" data-widget_type=\"text-editor.default\">\n\t\t\t\t<div class=\"elementor-widget-container\">\n\t\t\t<style>\/*! elementor - v3.19.0 - 29-01-2024 *\/\n.elementor-widget-text-editor.elementor-drop-cap-view-stacked .elementor-drop-cap{background-color:#69727d;color:#fff}.elementor-widget-text-editor.elementor-drop-cap-view-framed .elementor-drop-cap{color:#69727d;border:3px solid;background-color:transparent}.elementor-widget-text-editor:not(.elementor-drop-cap-view-default) .elementor-drop-cap{margin-top:8px}.elementor-widget-text-editor:not(.elementor-drop-cap-view-default) .elementor-drop-cap-letter{width:1em;height:1em}.elementor-widget-text-editor .elementor-drop-cap{float:left;text-align:center;line-height:1;font-size:50px}.elementor-widget-text-editor .elementor-drop-cap-letter{display:inline-block}<\/style>\t\t\t\t<p><a href=\"https:\/\/sindhosfran.org.br\/wp-content\/uploads\/2026\/03\/pauta-rev-sindisaude2026.pdf\">Pauta de Reivindica\u00e7\u00f5es SINDHOSFRAN 2026\/2027<\/a><\/p><p><a href=\"https:\/\/sindhosfran.org.br\/wp-content\/uploads\/2025\/11\/CCT-2025-2026-SINDIMAGEM.pdf\">Conven\u00e7\u00e3o Coletiva de Trabalho 2025\/2026 SINDIMAGEM<\/a><\/p><p><a href=\"https:\/\/sindhosfran.org.br\/wp-content\/uploads\/2025\/07\/CONVENcao-25-26.pdf\">Conven\u00e7\u00e3o Coletiva de Trabalho 2025\/2026 SINDSAUDE<\/a><\/p><p><a href=\"https:\/\/sindhosfran.org.br\/wp-content\/uploads\/2025\/06\/aditivo_sindisaude_2024-2025.pdf\" target=\"_blank\" rel=\"noopener\">Aditivo com o SINDISA\u00daDE 2024\/2025<\/a><\/p><p><a href=\"https:\/\/sindhosfran.org.br\/wp-content\/uploads\/2025\/05\/cct-sindhosfran-25-26.pdf\">Conven\u00e7\u00e3o Coletiva de Trabalho 2025\/2026 SEEB<\/a><\/p><p><a href=\"https:\/\/sindhosfran.org.br\/wp-content\/uploads\/2025\/07\/CCT-SINDSAUDE-2023.pdf\">Conven\u00e7\u00e3o Coletiva de Trabalho 2023\/2024 SINDSAUDE<\/a><\/p><p><a href=\"https:\/\/sindhosfran.org.br\/wp-content\/uploads\/2025\/04\/cct_seeb-23-25.pdf\">Conven\u00e7\u00e3o Coletiva de Trabalho 2023\/2025 SEEB<\/a><\/p><p><a href=\"https:\/\/sindhosfran.org.br\/wp-content\/uploads\/2024\/10\/edital-convocacao-autorizacao-discusso-cct-24-25.pdf\" target=\"_blank\" rel=\"noopener\">Edital de Convoca\u00e7\u00e3o de Assembl\u00e9ia para autorizar a negocia\u00e7\u00e3o e celera\u00e7\u00e3o da concen\u00e7\u00e3o coletiva de trabalho de 2024<\/a><\/p><p><a href=\"https:\/\/sindhosfran.org.br\/wp-content\/uploads\/2025\/02\/pauta_reivindicacao_sindsaude_CCT_-20252026.pdf\" target=\"_blank\" rel=\"noopener\">Pauta de Reivindica\u00e7\u00f5es Sindhosfran &#8211; CCT 2025-2026<\/a><\/p><p><a href=\"https:\/\/sindhosfran.org.br\/wp-content\/uploads\/2024\/10\/CCT20242025SINDISAUDE.pdf\" target=\"_blank\" rel=\"noopener\">Conven\u00e7\u00e3o Coletiva de Trabalho 2024\/2025 Sind+Sa\u00fade<\/a><\/p><p><a href=\"https:\/\/sindhosfran.org.br\/wp-content\/uploads\/2024\/10\/edital-convocacao-autorizacao-discusso-cct-24-25.pdf\" target=\"_blank\" rel=\"noopener\">Edital de Convoca\u00e7\u00e3o &#8211; Autoriza\u00e7\u00e3o e Discuss\u00e3o &#8211; CCT 2024-2025<\/a><\/p><p><a href=\"https:\/\/sindhosfran.org.br\/wp-content\/uploads\/2024\/10\/edital-convocacao-aprovacao.pdf\">Edital de convoca\u00e7\u00e3o Aprova\u00e7\u00e3o<\/a><\/p>\t\t\t\t\t\t<\/div>\n\t\t\t\t<\/div>\n\t\t\t\t\t<\/div>\n\t\t\t\t<\/div>\n\t\t\t\t<\/div>\n\t\t","protected":false},"excerpt":{"rendered":"<p>Pauta de Reivindica\u00e7\u00f5es SINDHOSFRAN 2026\/2027 Conven\u00e7\u00e3o Coletiva de Trabalho 2025\/2026 SINDIMAGEM Conven\u00e7\u00e3o Coletiva de Trabalho 2025\/2026 SINDSAUDE Aditivo com o SINDISA\u00daDE 2024\/2025 Conven\u00e7\u00e3o Coletiva de Trabalho 2025\/2026 SEEB Conven\u00e7\u00e3o Coletiva de Trabalho 2023\/2024 SINDSAUDE Conven\u00e7\u00e3o Coletiva de Trabalho 2023\/2025 SEEB Edital de Convoca\u00e7\u00e3o de Assembl\u00e9ia para autorizar a negocia\u00e7\u00e3o e celera\u00e7\u00e3o da concen\u00e7\u00e3o coletiva de&#8230;<\/p>\n","protected":false},"author":1,"featured_media":0,"parent":0,"menu_order":0,"comment_status":"closed","ping_status":"closed","template":"","meta":{"footnotes":""},"class_list":["post-14419","page","type-page","status-publish","hentry"],"_links":{"self":[{"href":"https:\/\/sindhosfran.org.br\/index.php\/wp-json\/wp\/v2\/pages\/14419"}],"collection":[{"href":"https:\/\/sindhosfran.org.br\/index.php\/wp-json\/wp\/v2\/pages"}],"about":[{"href":"https:\/\/sindhosfran.org.br\/index.php\/wp-json\/wp\/v2\/types\/page"}],"author":[{"embeddable":true,"href":"https:\/\/sindhosfran.org.br\/index.php\/wp-json\/wp\/v2\/users\/1"}],"replies":[{"embeddable":true,"href":"https:\/\/sindhosfran.org.br\/index.php\/wp-json\/wp\/v2\/comments?post=14419"}],"version-history":[{"count":40,"href":"https:\/\/sindhosfran.org.br\/index.php\/wp-json\/wp\/v2\/pages\/14419\/revisions"}],"predecessor-version":[{"id":15201,"href":"https:\/\/sindhosfran.org.br\/index.php\/wp-json\/wp\/v2\/pages\/14419\/revisions\/15201"}],"wp:attachment":[{"href":"https:\/\/sindhosfran.org.br\/index.php\/wp-json\/wp\/v2\/media?parent=14419"}],"curies":[{"name":"wp","href":"https:\/\/api.w.org\/{rel}","templated":true}]}}